{"id":7,"date":"2011-12-19T12:21:55","date_gmt":"2011-12-19T12:21:55","guid":{"rendered":"https:\/\/preview.ait-themes.com\/guesthouse\/?page_id=7"},"modified":"2023-07-12T12:05:00","modified_gmt":"2023-07-12T10:05:00","slug":"home","status":"publish","type":"page","link":"https:\/\/www.meschede-aktiv.de\/aktiv\/","title":{"rendered":"Home"},"content":{"rendered":"\n<div class=\"sc-column one-third\">\n<div id='Homepage_FooterBar_left' class='widgets_on_page wop_tiny1  wop_small1  wop_medium1  wop_large1  wop_wide1'>\n\t\t\t<ul><li id=\"text-2\" class=\"widget widget_text\">\t\t\t<div class=\"textwidget\"><div class=\"front_module_shopping\">\r\n<h2 style=\"color: white; padding: 4px;\">Das Shopping-Wetter in Meschede<\/h2>\r\n<\/div>\r\n\r\n<div id=\"33fc4235003a57a5aa8d9848989a85c5\">\r\n        <link rel=\"stylesheet\" type=\"text\/css\" href=\"\/\/cdn.static-fra.de\/lib\/wt\/widget\/4.0.0\/css\/Classic.css\"\/>\r\n        <script type=\"text\/javascript\" src=\"\/\/cdn.static-fra.de\/lib\/wt\/widget\/4.0.0\/js\/Classic.min.js\"><\/script>\r\n        <script type=\"text\/javascript\">\r\n        \/* <![CDATA[ *\/\r\n        (function(){\r\n            new WT.widget.Classic({\r\n                id: '33fc4235003a57a5aa8d9848989a85c5',\r\n                locationId: '18220946'\r\n            });\r\n        }());\r\n        \/* ]]> *\/\r\n        <\/script>\r\n        <a id=\"33fc4235003a57a5aa8d9848989a85c5-backlink\" class=\"wt-widget-backlink\" href=\"https:\/\/www.wetter.de\/deutschland\/wetter-meschede-18220946.html\" rel=\"nofollow noopener\" target=\"_blank\">Das Wetter in Meschede<\/a>\r\n    <\/div>\r\n\r\nHier sehen Sie das aktuelle Shopping-Wetter in der Kreis- und Hochschulstadt Meschede im Sauerland. Weitere Infos zum Wetter finden Sie auf \r\n<a id=\"015a78039606065726824de5a6e3e82e-backlink\" class=\"wt-widget-backlink\" href=\"https:\/\/www.wetter.de\/deutschland\/wetter-meschede-18220946.html\" target=\"_blank\" rel=\"noopener\">Wetter.de<\/a>\r\n<\/div><\/li><\/ul><\/div>\n\t\t<\/div><!-- widgets_on_page -->\n\n<div class=\"sc-column one-third\">\n<div id='Homepage_FooterBar_middle' class='widgets_on_page wop_tiny1  wop_small1  wop_medium1  wop_large1  wop_wide1'>\n\t\t\t<ul><li id=\"custom_html-2\" class=\"widget_text widget widget_custom_html\"><div class=\"textwidget custom-html-widget\"><div class=\"front_module_gutschein\">\r\n<h2 style=\"color: white; padding: 4px;\">Die Meschede aktiv GutscheinKarte<\/h2>\r\n<\/div>\r\n<div style=\"height: 314px; border-style: solid;\r\n    border-width: 0px; border-color: #ddd; border-radius: 5px;\">\r\n\t<a href=\"https:\/\/www.meschede-aktiv.de\/aktiv\/?page_id=8637\">\r\n\t\t<img src=\"https:\/\/www.meschede-aktiv.de\/aktiv\/img\/thumbs\/gutscheinkarte.jpg\" align=\"right\" alt=\"Meschede aktiv GutscheinKarte\" title=\"Meschede aktiv GutscheinKarte\"\/><\/a>\r\n<div style=\"padding-left: 15px;\">\r\nMit der <strong>GutscheinKarte<\/strong> machen Sie Ihren Liebsten eine Freude! Die GutscheinKarte kann in einer Vielzahl an Mescheder Betrieben eingel\u00f6st werden! <a href=\"https:\/\/www.meschede-aktiv.de\/aktiv\/?page_id=8637\">Weiterlesen ...<\/a>\r\n<\/div>\r\n<\/div><\/div><\/li><\/ul><\/div><!-- widgets_on_page -->\n<\/div>\n<p><div class=\"sc-column sc-column-last one-third-last\">\n<div id='Homepage_FooterBar_right' class='widgets_on_page wop_tiny1  wop_small1  wop_medium1  wop_large1  wop_wide1'>\n\t\t\t<ul><li id=\"text-4\" class=\"widget widget_text\">\t\t\t<div class=\"textwidget\"><div class=\"front_module_parken\">\r\n<h2 style=\"color: white; padding: 4px;\">Parken in Meschede<\/h2>\r\n<\/div>\r\n<img src=\"https:\/\/www.meschede-aktiv.de\/aktiv\/img\/thumbs\/parken.jpg\" align=\"left\" alt=\"Parken in Meschede\" title=\"Parken in Meschede\" style=\"margin-right: 10px;\"\/>Hier finden Sie eine \u00dcbersicht der Parkm\u00f6glichkeiten in Meschede mit weiteren n\u00fctzlichen Informationen. <a href=\"https:\/\/www.meschede-aktiv.de\/aktiv\/?page_id=8646\">Weiterlesen ...<\/a>\r\n\r\n<p>&nbsp;<\/p>\r\n\r\n<div class=\"front_module_wochenmarkt\">\r\n<h2 style=\"color: white; padding: 4px;\">Der Wochenmarkt in Meschede<\/h2>\r\n<\/div>\r\n<img src=\"https:\/\/www.meschede-aktiv.de\/aktiv\/img\/thumbs\/wochenmarkt.jpg\" align=\"left\" alt=\"Mescheder Wochenmarkt\" title=\"Mescheder Wochenmarkt\"\/>Direkt an der sch\u00f6nen St. Walburga-Kirche gelegen befindet sich jeweils <strong>dienstags<\/strong> und <strong>freitags<\/strong> von <strong>07:00 Uhr bis 13:00 Uhr<\/strong> auf dem <strong>Stiftsplatz<\/strong> und dem <strong>Kaiser-Otto-Platz<\/strong> der Mescheder Wochenmarkt. <a href=\"https:\/\/www.meschede-aktiv.de\/aktiv\/?page_id=8652\">Weiterlesen....<\/a><\/div>\n\t\t<\/li><\/ul><\/div><!-- widgets_on_page -->\n<\/div><div class=\"clearing\"><\/div>\n<div class=\"front_module_news\">\n<h2 style=\"color: white; padding: 4px;\">Neuigkeiten aus der Mescheder Einkaufswelt<\/h2>\n<\/div>\n<div class=\"latest-posts\"><div class=\"sc-page\"><div class=\"item clearfix\"><div class=\"image\"><a href=\"https:\/\/www.meschede-aktiv.de\/aktiv\/?p=10509\" class=\"greyscale\"><img width=\"150\" height=\"150\" src=\"https:\/\/www.meschede-aktiv.de\/aktiv\/wp-content\/uploads\/08-05-22-Maisonntag-2022-31-von-222-150x150.jpg\" class=\"attachment-thumbnail size-thumbnail wp-post-image\" alt=\"\" decoding=\"async\" loading=\"lazy\" srcset=\"https:\/\/www.meschede-aktiv.de\/aktiv\/wp-content\/uploads\/08-05-22-Maisonntag-2022-31-von-222-150x150.jpg 150w, https:\/\/www.meschede-aktiv.de\/aktiv\/wp-content\/uploads\/08-05-22-Maisonntag-2022-31-von-222-300x300.jpg 300w, https:\/\/www.meschede-aktiv.de\/aktiv\/wp-content\/uploads\/08-05-22-Maisonntag-2022-31-von-222-1024x1024.jpg 1024w, https:\/\/www.meschede-aktiv.de\/aktiv\/wp-content\/uploads\/08-05-22-Maisonntag-2022-31-von-222-1536x1536.jpg 1536w, https:\/\/www.meschede-aktiv.de\/aktiv\/wp-content\/uploads\/08-05-22-Maisonntag-2022-31-von-222-2048x2048.jpg 2048w\" sizes=\"(max-width: 150px) 100vw, 150px\" \/><\/a><\/div><div class=\"text\"><div class=\"title\"><h3><a href=\"https:\/\/www.meschede-aktiv.de\/aktiv\/?p=10509\">Seifenkistenrennen in Enste<\/a><\/h3><\/div><p>\nVollgas hei\u00dft es beim Seifenkistenrennen in Enste. Die Rennstrecke f\u00fchrt vom Schneidweg bis zum Kreisverkehr bei Intersport Pilz. Neben jungen Fahrerinnen und Fahrern d\u00fcrfen auch Erwachsene teilnehmen. Damit ist Rennaction f\u00fcr alle Altersgruppen garantiert. Infos und Anmeldung unter: www.meschede.de\/seifenkistenrennen\n\n\n\n\n&nbsp;<a href=\"https:\/\/www.meschede-aktiv.de\/aktiv\/?p=10509\">Weiterlesen ...<\/a><\/p><\/div><!-- \/.text --><div class=\"rule\"><\/div><\/div><\/div><div class=\"sc-page\"><div class=\"item clearfix\"><div class=\"image\"><a href=\"https:\/\/www.meschede-aktiv.de\/aktiv\/?p=10503\" class=\"greyscale\"><img width=\"150\" height=\"150\" src=\"https:\/\/www.meschede-aktiv.de\/aktiv\/wp-content\/uploads\/IMG_5202-150x150.jpg\" class=\"attachment-thumbnail size-thumbnail wp-post-image\" alt=\"\" decoding=\"async\" loading=\"lazy\" srcset=\"https:\/\/www.meschede-aktiv.de\/aktiv\/wp-content\/uploads\/IMG_5202-150x150.jpg 150w, https:\/\/www.meschede-aktiv.de\/aktiv\/wp-content\/uploads\/IMG_5202-300x300.jpg 300w, https:\/\/www.meschede-aktiv.de\/aktiv\/wp-content\/uploads\/IMG_5202-1024x1024.jpg 1024w, https:\/\/www.meschede-aktiv.de\/aktiv\/wp-content\/uploads\/IMG_5202-1536x1536.jpg 1536w, https:\/\/www.meschede-aktiv.de\/aktiv\/wp-content\/uploads\/IMG_5202-2048x2048.jpg 2048w\" sizes=\"(max-width: 150px) 100vw, 150px\" \/><\/a><\/div><div class=\"text\"><div class=\"title\"><h3><a href=\"https:\/\/www.meschede-aktiv.de\/aktiv\/?p=10503\">Stadtfest im Mai<\/a><\/h3><\/div><p>\nBuntes Programm f\u00fcr Aktive, Autoliebhaber, Heimat-Shopper und Vor-Ort-Genie\u00dfer\n\n\n\nDie Werbegemeinschaft \u201eMeschede aktiv\u201c und das Stadtmarketing Meschede laden am Sonntag, 10. Mai 2026, zum Stadtfest in die Innenstadt und nach Enste ein. Das \u201eStadtfest im Mai\u201c begeistert von 13 bis 18 Uhr mit einem bunten Programm f\u00fcr die ganze Familie und ge\u00f6ffneten Gesch\u00e4ften in beiden Bereichen. Alle Infos...&nbsp;<a href=\"https:\/\/www.meschede-aktiv.de\/aktiv\/?p=10503\">Weiterlesen ...<\/a><\/p><\/div><!-- \/.text --><div class=\"rule\"><\/div><\/div><\/div><div class=\"sc-page\"><div class=\"item clearfix\"><div class=\"image\"><a href=\"https:\/\/www.meschede-aktiv.de\/aktiv\/?p=10397\" class=\"greyscale\"><img width=\"150\" height=\"150\" src=\"https:\/\/www.meschede-aktiv.de\/aktiv\/wp-content\/uploads\/FreiParken_2025-Kopie-1-150x150.jpg\" class=\"attachment-thumbnail size-thumbnail wp-post-image\" alt=\"\" decoding=\"async\" loading=\"lazy\" srcset=\"https:\/\/www.meschede-aktiv.de\/aktiv\/wp-content\/uploads\/FreiParken_2025-Kopie-1-150x150.jpg 150w, https:\/\/www.meschede-aktiv.de\/aktiv\/wp-content\/uploads\/FreiParken_2025-Kopie-1-300x300.jpg 300w, https:\/\/www.meschede-aktiv.de\/aktiv\/wp-content\/uploads\/FreiParken_2025-Kopie-1-1024x1024.jpg 1024w, https:\/\/www.meschede-aktiv.de\/aktiv\/wp-content\/uploads\/FreiParken_2025-Kopie-1-1536x1536.jpg 1536w, https:\/\/www.meschede-aktiv.de\/aktiv\/wp-content\/uploads\/FreiParken_2025-Kopie-1-2048x2048.jpg 2048w\" sizes=\"(max-width: 150px) 100vw, 150px\" \/><\/a><\/div><div class=\"text\"><div class=\"title\"><h3><a href=\"https:\/\/www.meschede-aktiv.de\/aktiv\/?p=10397\">Kostenfreies Parken an Samstagen<\/a><\/h3><\/div><p>\nWir freuen uns riesig \u00fcber die Entscheidung der Stadt Meschede. Seit 1. Mai 2025 ist das Parken an Samstagen auf allen st\u00e4dtischen Parkpl\u00e4tzen in der Innenstadt kostenfrei! \n\n\n\nDas ist ein klares Bekenntnis zur St\u00e4rkung unseres Einzelhandels, der Gastronomie und der Aufenthaltsqualit\u00e4t in der Innenstadt. Ein entspannter Einkaufsbummel oder ein Kaffee mit Freunden \u2013 ganz ohne Blick...&nbsp;<a href=\"https:\/\/www.meschede-aktiv.de\/aktiv\/?p=10397\">Weiterlesen ...<\/a><\/p><\/div><!-- \/.text --><\/div><\/div><\/div>\n","protected":false},"excerpt":{"rendered":"<p>Neuigkeiten aus der Mescheder Einkaufswelt<\/p>\n","protected":false},"author":1,"featured_media":0,"parent":0,"menu_order":0,"comment_status":"closed","ping_status":"closed","template":"page-dir-home.php","meta":[],"_links":{"self":[{"href":"https:\/\/www.meschede-aktiv.de\/aktiv\/index.php?rest_route=\/wp\/v2\/pages\/7"}],"collection":[{"href":"https:\/\/www.meschede-aktiv.de\/aktiv\/index.php?rest_route=\/wp\/v2\/pages"}],"about":[{"href":"https:\/\/www.meschede-aktiv.de\/aktiv\/index.php?rest_route=\/wp\/v2\/types\/page"}],"author":[{"embeddable":true,"href":"https:\/\/www.meschede-aktiv.de\/aktiv\/index.php?rest_route=\/wp\/v2\/users\/1"}],"replies":[{"embeddable":true,"href":"https:\/\/www.meschede-aktiv.de\/aktiv\/index.php?rest_route=%2Fwp%2Fv2%2Fcomments&post=7"}],"version-history":[{"count":14,"href":"https:\/\/www.meschede-aktiv.de\/aktiv\/index.php?rest_route=\/wp\/v2\/pages\/7\/revisions"}],"predecessor-version":[{"id":10185,"href":"https:\/\/www.meschede-aktiv.de\/aktiv\/index.php?rest_route=\/wp\/v2\/pages\/7\/revisions\/10185"}],"wp:attachment":[{"href":"https:\/\/www.meschede-aktiv.de\/aktiv\/index.php?rest_route=%2Fwp%2Fv2%2Fmedia&parent=7"}],"curies":[{"name":"wp","href":"https:\/\/api.w.org\/{rel}","templated":true}]}}