{"id":8637,"date":"2016-05-03T21:05:22","date_gmt":"2016-05-03T19:05:22","guid":{"rendered":"https:\/\/www.meschede-aktiv.de\/aktiv\/?page_id=8637"},"modified":"2026-01-19T11:51:30","modified_gmt":"2026-01-19T10:51:30","slug":"meschedeaktiv-gutscheinkarte","status":"publish","type":"page","link":"https:\/\/www.meschede-aktiv.de\/aktiv\/?page_id=8637","title":{"rendered":"Die Meschede aktiv GutscheinKarte"},"content":{"rendered":"<p><img decoding=\"async\" loading=\"lazy\" class=\"size-full wp-image-9480 alignleft\" src=\"https:\/\/www.meschede-aktiv.de\/aktiv\/wp-content\/uploads\/aufkleber_gutscheinkarte.jpg\" alt=\"\" width=\"400\" height=\"401\" srcset=\"https:\/\/www.meschede-aktiv.de\/aktiv\/wp-content\/uploads\/aufkleber_gutscheinkarte.jpg 400w, https:\/\/www.meschede-aktiv.de\/aktiv\/wp-content\/uploads\/aufkleber_gutscheinkarte-150x150.jpg 150w, https:\/\/www.meschede-aktiv.de\/aktiv\/wp-content\/uploads\/aufkleber_gutscheinkarte-300x300.jpg 300w, https:\/\/www.meschede-aktiv.de\/aktiv\/wp-content\/uploads\/aufkleber_gutscheinkarte-1024x1024.jpg 1024w\" sizes=\"(max-width: 400px) 100vw, 400px\" \/>Sie m\u00f6chten jemandem eine Freude machen? Mit der GutscheinKarte der Werbegemeinschaft \u201eMeschede aktiv\u201c haben Sie die freie Wahl aus knapp 50 teilnehmenden Gesch\u00e4ften.<br \/>Die Werbegemeinschaft besteht aus Mitgliedsbetrieben verschiedenster Branchen &#8211; vom Einzelhandel, u\u0308ber Gastronomie und Handwerk bis zu verschiedenen Dienstleistungen.<\/p>\n<p>Teilnehmende Betriebe erkennen Sie am Gutschein-Aufkleber &#8211; hier kann die GutscheinKarte erworben und eingel\u00f6st werden (auch Teilbetr\u00e4ge einl\u00f6sbar).<br \/>Die Mescheder GutscheinKarte erhalten Sie in den Wertbetr\u00e4gen 10 Euro, 20 Euro und 30 Euro und auch individuell aufladbar.\u00a0<\/p>\n<p>Ab jetzt auch in der Sparkasse Mitten im Sauerland erh\u00e4ltlich! (Nur am Winziger Platz und nur Barkauf m\u00f6glich)<\/p>\n<p><strong>Online-Gutschein<\/strong><\/p>\n<blockquote>\n<p>Der Online-Gutschein ist hier erh\u00e4ltlich: <a href=\"https:\/\/meschede-aktiv.gfg-easysale.de\/online-gutschein\">https:\/\/meschede-aktiv.gfg-easysale.de\/online-gutschein<\/a><\/p>\n<\/blockquote>\n<p>Sie k\u00f6nnen sich ein passendes Foto aussuchen, W\u00fcnsche oder Gr\u00fc\u00dfe erg\u00e4nzen und einen beliebigen Wert eintragen. Nach der Bezahlung erhalten Sie eine pdf-Datei zum Ausdrucken oder Versenden. Das ideale Last-Minute-Geschenk!<\/p>\n<p><strong>Teilnehmende H\u00e4ndler<\/strong><\/p>\n<blockquote>\n<p>Hier geht es zum <a href=\"https:\/\/www.meschede-aktiv.de\/aktiv\/wp-content\/uploads\/Mdeaktiv_GutscheinKarten_Liste.pdf\" target=\"_blank\" rel=\"noopener\">Flyer mit allen teilnehmenden H\u00e4ndlern<\/a><\/p>\n<\/blockquote>\n\n\n<p><\/p>\n","protected":false},"excerpt":{"rendered":"<p>Sie m\u00f6chten jemandem eine Freude machen? Mit der GutscheinKarte der Werbegemeinschaft \u201eMeschede aktiv\u201c haben Sie die freie Wahl aus knapp 50 teilnehmenden Gesch\u00e4ften.Die Werbegemeinschaft besteht aus Mitgliedsbetrieben verschiedenster Branchen &#8211; vom Einzelhandel, u\u0308ber Gastronomie und Handwerk bis zu verschiedenen Dienstleistungen. Teilnehmende Betriebe erkennen Sie am Gutschein-Aufkleber &#8211; hier kann die GutscheinKarte erworben und eingel\u00f6st werden [&hellip;]<\/p>\n","protected":false},"author":1,"featured_media":0,"parent":0,"menu_order":0,"comment_status":"closed","ping_status":"closed","template":"","meta":[],"_links":{"self":[{"href":"https:\/\/www.meschede-aktiv.de\/aktiv\/index.php?rest_route=\/wp\/v2\/pages\/8637"}],"collection":[{"href":"https:\/\/www.meschede-aktiv.de\/aktiv\/index.php?rest_route=\/wp\/v2\/pages"}],"about":[{"href":"https:\/\/www.meschede-aktiv.de\/aktiv\/index.php?rest_route=\/wp\/v2\/types\/page"}],"author":[{"embeddable":true,"href":"https:\/\/www.meschede-aktiv.de\/aktiv\/index.php?rest_route=\/wp\/v2\/users\/1"}],"replies":[{"embeddable":true,"href":"https:\/\/www.meschede-aktiv.de\/aktiv\/index.php?rest_route=%2Fwp%2Fv2%2Fcomments&post=8637"}],"version-history":[{"count":89,"href":"https:\/\/www.meschede-aktiv.de\/aktiv\/index.php?rest_route=\/wp\/v2\/pages\/8637\/revisions"}],"predecessor-version":[{"id":10500,"href":"https:\/\/www.meschede-aktiv.de\/aktiv\/index.php?rest_route=\/wp\/v2\/pages\/8637\/revisions\/10500"}],"wp:attachment":[{"href":"https:\/\/www.meschede-aktiv.de\/aktiv\/index.php?rest_route=%2Fwp%2Fv2%2Fmedia&parent=8637"}],"curies":[{"name":"wp","href":"https:\/\/api.w.org\/{rel}","templated":true}]}}