{"id":8646,"date":"2016-05-03T21:13:26","date_gmt":"2016-05-03T19:13:26","guid":{"rendered":"https:\/\/www.meschede-aktiv.de\/aktiv\/?page_id=8646"},"modified":"2025-05-07T08:27:49","modified_gmt":"2025-05-07T06:27:49","slug":"parkplatz","status":"publish","type":"page","link":"https:\/\/www.meschede-aktiv.de\/aktiv\/?page_id=8646","title":{"rendered":"Parken in Meschede"},"content":{"rendered":"\n<p>Die Einkaufsstadt Meschede bietet zahlreiche \u00f6ffentlich nutzbare Parkpl\u00e4tze im Stadtzentrum oder direkt angrenzend. Fu\u00dfl\u00e4ufig und nah dran!<\/p>\n\n\n\n<p>Eine Orientierung bietet das farbige Parkleitsystem. Kostenlos stehen euch Parkfl\u00e4chen an Schwimmbad und Ruhr, auf der P&amp;R-Anlage in der Lagerstra\u00dfe sowie in der Kolpingstra\u00dfe zur Verf\u00fcgung. Auf der P&amp;R-Anlage befinden sich zudem Lades\u00e4ulen f\u00fcr Elektrofahrzeuge.<br>Mit den Parkh\u00e4usern im heruM, an der Sparkasse, dem Stiftscenter und der Volksbank stehen zudem extern bewirtschaftete Parkfl\u00e4chen direkt im Zentrum zur Verf\u00fcgung.<\/p>\n\n\n\n<p><strong>Br\u00f6tchentaste\u00a0<\/strong><br>Das Kurzzeitparken ist in Meschede f\u00fcr die ersten 18 Minuten auf allen Parkpl\u00e4tzen mit Parkscheinautomat frei. Das funktioniert ganz einfach: Am Automaten die gr\u00fcne Taste dr\u00fccken, um einen Parkschein anzufordern \u2013 allerdings ohne vorher Geld einzuwerfen. Diesen Freiparkschein gut sichtbar ins Auto legen. Oder einen Parkschein mit dem Handy buchen. Auch da sind die ersten 18 Minuten frei.<\/p>\n\n\n\n<p><strong>Parken per App &#8211; Handyparken<\/strong><\/p>\n\n\n\n<p>Bezahlt eure Parkgeb\u00fchr digital. \u00dcber eine der f\u00fcnf zur Verf\u00fcgung stehenden Apps wird der Standort und die Parkzonennummer eingegeben \u2013 und schon kann kontaktlos die gew\u00fcnschte Parkzeit gebucht werden. Kurz vor Ablauf der Zeit erinnert die App auf dem Handy daran. Und wer dann zum Beispiel noch beim Zahnarzt oder beim Friseur sitzt, der kann unkompliziert auf dem Handy bis zur H\u00f6chstparkdauer die Parkzeit nachbuchen.<\/p>\n\n\n\n<p>Folgende Apps k\u00f6nnen genutzt werden:&nbsp;<br>EasyPark | mobilet | paybyphone | Parkster | Parco<\/p>\n\n\n<div class=\"csc-textpic-text\">\n<p><strong style=\"font-size: revert; color: initial;\">Geb\u00fchrenpflicht in der Zeit:<br \/><\/strong><span style=\"font-size: revert; color: initial;\">Montag bis Freitag:\u00a0 <\/span><span style=\"font-size: revert; color: initial;\">09.00 &#8211; 18.00 Uhr<br \/><\/span><span style=\"font-size: revert; color: initial;\">Samstag: <\/span><span style=\"font-size: revert; color: initial;\">kostenfrei Parken!<\/span><\/p>\n<\/div>\n<div class=\"csc-textpic-text\">\n<p><b>H\u00f6chstparkdauer: <\/b>2 Stunden (1,70 Euro)<\/p>\n<p><b>Geb\u00fchren:<br \/><\/b>Br\u00f6tchentaste &#8211; 18 Minuten frei.\u00a0<br \/>1. Stunde:\u00a00,70 Euro\u00a0(inkl. Br\u00f6tchentaste)<br \/>2. Stunde: 1,00 Euro<br \/>Abrechnung im 6\u00a0Minuten Takt<\/p>\n<p><b>Hinweis:<\/b><br \/>Automaten wechseln nicht! Bei defektem Automat bitte Parkscheibe auslegen!<\/p>\n<p><b>Zahlungsmittel f\u00fcr den Parkscheinautomat:<\/b><br \/><\/p>\n<ul class=\"sc-list style4 \">\n<li>Geldm\u00fcnzen im Wert von 5, 10, 20, 50 Cent sowie 1,00 \u20ac<\/li>\n<li>Geldkarte<\/li>\n<\/ul>\n<p><\/p>\n<\/div>\n<p><img decoding=\"async\" loading=\"lazy\" class=\"alignnone size-full wp-image-10378\" src=\"https:\/\/www.meschede-aktiv.de\/aktiv\/wp-content\/uploads\/Parken-in-Meschede_2025-scaled.jpg\" alt=\"\" width=\"2560\" height=\"2560\" srcset=\"https:\/\/www.meschede-aktiv.de\/aktiv\/wp-content\/uploads\/Parken-in-Meschede_2025-scaled.jpg 2560w, https:\/\/www.meschede-aktiv.de\/aktiv\/wp-content\/uploads\/Parken-in-Meschede_2025-300x300.jpg 300w, https:\/\/www.meschede-aktiv.de\/aktiv\/wp-content\/uploads\/Parken-in-Meschede_2025-1024x1024.jpg 1024w, https:\/\/www.meschede-aktiv.de\/aktiv\/wp-content\/uploads\/Parken-in-Meschede_2025-150x150.jpg 150w, https:\/\/www.meschede-aktiv.de\/aktiv\/wp-content\/uploads\/Parken-in-Meschede_2025-1536x1536.jpg 1536w, https:\/\/www.meschede-aktiv.de\/aktiv\/wp-content\/uploads\/Parken-in-Meschede_2025-2048x2048.jpg 2048w\" sizes=\"(max-width: 2560px) 100vw, 2560px\" \/><\/p>","protected":false},"excerpt":{"rendered":"<p>Die Einkaufsstadt Meschede bietet zahlreiche \u00f6ffentlich nutzbare Parkpl\u00e4tze im Stadtzentrum oder direkt angrenzend. Fu\u00dfl\u00e4ufig und nah dran! Eine Orientierung bietet das farbige Parkleitsystem. Kostenlos stehen euch Parkfl\u00e4chen an Schwimmbad und Ruhr, auf der P&amp;R-Anlage in der Lagerstra\u00dfe sowie in der Kolpingstra\u00dfe zur Verf\u00fcgung. Auf der P&amp;R-Anlage befinden sich zudem Lades\u00e4ulen f\u00fcr Elektrofahrzeuge.Mit den Parkh\u00e4usern im [&hellip;]<\/p>\n","protected":false},"author":1,"featured_media":0,"parent":0,"menu_order":0,"comment_status":"closed","ping_status":"closed","template":"","meta":[],"_links":{"self":[{"href":"https:\/\/www.meschede-aktiv.de\/aktiv\/index.php?rest_route=\/wp\/v2\/pages\/8646"}],"collection":[{"href":"https:\/\/www.meschede-aktiv.de\/aktiv\/index.php?rest_route=\/wp\/v2\/pages"}],"about":[{"href":"https:\/\/www.meschede-aktiv.de\/aktiv\/index.php?rest_route=\/wp\/v2\/types\/page"}],"author":[{"embeddable":true,"href":"https:\/\/www.meschede-aktiv.de\/aktiv\/index.php?rest_route=\/wp\/v2\/users\/1"}],"replies":[{"embeddable":true,"href":"https:\/\/www.meschede-aktiv.de\/aktiv\/index.php?rest_route=%2Fwp%2Fv2%2Fcomments&post=8646"}],"version-history":[{"count":20,"href":"https:\/\/www.meschede-aktiv.de\/aktiv\/index.php?rest_route=\/wp\/v2\/pages\/8646\/revisions"}],"predecessor-version":[{"id":10381,"href":"https:\/\/www.meschede-aktiv.de\/aktiv\/index.php?rest_route=\/wp\/v2\/pages\/8646\/revisions\/10381"}],"wp:attachment":[{"href":"https:\/\/www.meschede-aktiv.de\/aktiv\/index.php?rest_route=%2Fwp%2Fv2%2Fmedia&parent=8646"}],"curies":[{"name":"wp","href":"https:\/\/api.w.org\/{rel}","templated":true}]}}