{"id":8687,"date":"2016-05-03T22:47:44","date_gmt":"2016-05-03T20:47:44","guid":{"rendered":"https:\/\/www.meschede-aktiv.de\/aktiv\/?page_id=8687"},"modified":"2025-05-09T08:32:34","modified_gmt":"2025-05-09T06:32:34","slug":"spritpreise","status":"publish","type":"page","link":"https:\/\/www.meschede-aktiv.de\/aktiv\/?page_id=8687","title":{"rendered":"Meschede leuchtet &#8211; Weihnachtsbeleuchtung"},"content":{"rendered":"<div id=\"c3381\" class=\"frame frame-default frame-type-textpic frame-layout-0\">\n<div class=\"ce-textpic ce-right ce-intext\">\n<div class=\"ce-gallery\" data-ce-columns=\"1\" data-ce-images=\"1\">\n<div class=\"ce-row\">\n<div class=\"ce-column\">\u00a0<\/div>\n<\/div>\n<\/div>\n<div class=\"ce-bodytext\">\n<p><strong>Mehr Meschede &#8211; mehr Erleben &amp; Genie\u00dfen in der Adventszeit.<\/strong><\/p>\n<p>Unsere Stadt Meschede hat sich in den letzten Jahren positiv entwickelt, optisch ver\u00e4ndert und soll dies auch weiterhin tun. Viele Aktionen und Ma\u00dfnahmen von Vereinen, Institutionen, Unternehmen und ehrenamtlich engagierten Meschedern tragen zum positiven Image der Gesamtstadt und der Innenstadt als Einkaufs- und Erlebnisstandort bei.<\/p>\n<p>Der Umbau an Henne und Ruhr, die Neugestaltung des Winziger Platzes sowie die aktuelle Umgestaltung der Ruhrstra\u00dfe und des Kaiser-Otto-Platzes geben Meschede ein neues Gesicht. Sicher gibt es auf dem eingeschlagenen Weg noch viel zu tun, aber: Jede Aktion ist wichtig und ver\u00e4ndert die Wahrnehmung\u00a0 in und \u00fcber Meschede hinaus.<\/p>\n<p>Um Meschede zukunftsorientiert als wichtigen Einkaufsstandort und lebenswerten Wohnort zu pr\u00e4sentieren, sind viele Ma\u00dfnahmen im st\u00e4dtebaulichen Entwicklungskonzept zusammengetragen worden. Diese haben alle das Ziel die Attraktivit\u00e4t weiter zu steigern. Die Adventszeit ist dabei eine ganz besondere Zeit im Jahreskalender und lebt von ihrer Atmosph\u00e4re.<\/p>\n<p>\u00dcber viele Jahre wurde die Weihnachtsbeleuchtung in Meschede von der Werbegemeinschaft \u201eMeschede aktiv\u201c finanziert.<br \/>Die hohen Kosten f\u00fcr Anschl\u00fcsse, Wartung, Installation, Lagerung und Pflege kann die Werbegemeinschaft jedoch nicht mehr alleine stemmen.<br \/>Damit Meschede weiterhin seinen B\u00fcrgern, Mitarbeitern und G\u00e4sten auch in Zukunft ein Adventserlebnis mit abgestimmtem Beleuchtungskonzept bieten kann, ben\u00f6tigen wir daher Ihre Unterst\u00fctzung. Nur gemeinsam k\u00f6nnen wir Meschede an Henne und Ruhr weiter erleuchten lassen. Zur Unterst\u00fctzung bieten wir allen interessierten Meschedern sowie Firmen, H\u00e4ndler, Vereinen &amp; Institutionen, Selbstst\u00e4ndigen &amp; Freiberuflern die M\u00f6glichkeit, uns mit einem Sponsoring dabei zu unterst\u00fctzen.<\/p>\n<p>Wir freuen uns auf Ihre Unterst\u00fctzung!<\/p>\n<p>Bei Interesse nehmen Sie Kontakt mit uns\u00a0 auf. Wir stehen f\u00fcr Fragen gerne zur Verf\u00fcgung. Eine gemeinschaftliche Aktion von:<\/p>\n<ul>\n<li>Werbegemeinschaft \u201eMeschede aktiv\u201c e.V.<\/li>\n<li>F\u00f6rderverein Innenstadt e.V.<\/li>\n<li>Stadtmarketing Meschede e.V.<\/li>\n<\/ul>\n<\/div>\n<\/div>\n<\/div>\n<div id=\"c3382\" class=\"frame frame-default frame-type-textpic frame-layout-0\"><header>\n<h2 class=\"\">Machen Sie mit &amp; unterst\u00fctzen Sie als Pate die Mescheder Weihnachtsbeleuchtung<\/h2>\n<p>\u00a0<\/p>\n<\/header>\n<div class=\"ce-textpic ce-center ce-above\">\n<div class=\"ce-gallery\" data-ce-columns=\"1\" data-ce-images=\"1\">\n<div class=\"ce-outer\">\n<div class=\"ce-inner\">\n<div class=\"ce-row\">\n<div class=\"ce-column\"><span style=\"font-size: revert; color: initial;\">M\u00f6chten auch Sie Unterst\u00fctzer der Weihnachtsbeleuchtung werden?<\/span><\/div>\n<\/div>\n<\/div>\n<\/div>\n<\/div>\n<div class=\"ce-bodytext\">\n<p>Dann sichern Sie sich Ihre Patenschaft der Aktion \u201eMeschede leuchtet\u201c. Unser Ziel ist es \u00fcber 70 Stra\u00dfenlaternen einheitlich mit einem Sternenmotiv auszustatten, um der Stadt Meschede eine weihnachtliche Atmosph\u00e4re zu verleihen. Ebenfalls sollen 14 Motive der bisherigen Weihnachtsbeleuchtung mit der neuen LED Technik ausgestattet werden, um ein stimmungsvolles Gesamtbild zu schaffen.<\/p>\n<p>Als Erg\u00e4nzung zu diesen Elementen soll den Gesch\u00e4ftsleuten und Hauseigent\u00fcmern die M\u00f6glichkeit gegeben werden ihre Fassade mit einer einheitlichen Konturbeleuchtung auszustatten.<\/p>\n<p><strong>Die Unterst\u00fctzungsm\u00f6glichkeiten im \u00dcberblick:<\/strong><\/p>\n<ul>\n<li>Ihre Patenschaft f\u00fcr eine Laternenbeleuchtung einmalig 1.125 Euro<\/li>\n<li>Konturbeleuchtung f\u00fcr Ihre Fassade oder Ihren Eingangsbereich &#8211; Preis pro lfm. 25 Euro (zzgl. 16 % MwSt.)<\/li>\n<li>eine individuelle Spende ist ebenfalls m\u00f6glich und herzlich willkommen<\/li>\n<\/ul>\n<p>Selbstverst\u00e4ndlich werden alle Firmen, Vereine, Einzelh\u00e4ndler und Privatleute als Sponsor der neuen Weihnachtsbeleuchtung namentlich ber\u00fccksichtigt. Spendenbescheinigungen werden gerne ausgestellt.<br \/>Sofern Sie spenden, aber lieber anonym bleiben m\u00f6chten, ist dies selbstverst\u00e4ndlich m\u00f6glich. Ein kurzer Hinweis bei Ihrer Spende gen\u00fcgt &#8211; dann werden wir auf eine Ver\u00f6ffentlichung und Namensnennung verzichten.<br \/>Sehr gerne erl\u00e4utern wir Ihnen bei einem pers\u00f6nlichen Gespr\u00e4ch unser Vorhaben und begeistern Sie f\u00fcr unser Projekt.<br \/>F\u00fcr eine Terminvereinbarung oder weitere Informationen erreichen Sie uns unter folgenden Kontaktdaten.<\/p>\n<ul>\n<li><strong>Werbegemeinschaft \u201eMeschede aktiv\u201c e.V.<\/strong><br \/>Andre Wiese<br \/>Tel. 0291 95271424<br \/>E-Mail <a href=\"mailto:info@h1amsee.de\">info@h1amsee.de <\/a><\/li>\n<li><strong>Stadtmarketing Meschede e.V.<\/strong><br \/>Tel. 0291 90249113<br \/>E-Mail <a href=\"mailto:stadtmarketing@meschede.de\">stadtmarketing@meschede.de<\/a><\/li>\n<li><strong>F\u00f6rderverein Innenstadt e.V<\/strong>.<br \/>Dr. Rudolf Herrmann<br \/>Tel. 0291 6200<br \/>E-Mail <a href=\"mailto:rudolfherrmann@web.de\">rudolfherrmann@web.de<\/a><\/li>\n<\/ul>\n<\/div>\n<\/div>\n<\/div>\n\n\n<p><strong>Spenden an:<\/strong><br>F\u00f6rderverein Innenstadt Meschede<\/p>\n\n\n\n<ul>\n<li>DE25 4645 1012 0000 0563 41 Sparkasse Mitten im Sauerland oder<\/li>\n\n\n\n<li>DE10 4666 0022 0000 9611 00 Volksbank Sauerland<\/li>\n<\/ul>\n\n\n\n<p>Betreff \u201eMeschede leuchtet\u201c<\/p>\n\n\n\n<h2>Mit freundlicher Unterst\u00fctzung<\/h2>\n\n\n\n<p>Spender und Unterst\u00fctzer der Aktion &#8222;Meschede leuchtet&#8220;:<\/p>\n\n\n\n<ul>\n<li>innogy SE<\/li>\n\n\n\n<li>Malerbetrieb Tillmann GmbH &amp; Co. KG<\/li>\n\n\n\n<li>Bestattung K\u00f6nig<\/li>\n\n\n\n<li>Stilecht Mode<\/li>\n\n\n\n<li>eiKo-Kramer GmbH<\/li>\n\n\n\n<li>Jos. Busch GmbH &amp; Co.KG<\/li>\n\n\n\n<li>Blumen Horst GmbH<\/li>\n\n\n\n<li>Sparkasse Mitten im Sauerland<\/li>\n\n\n\n<li>M\u00f6bel Knappstein GmbH &amp; Co. KG<\/li>\n\n\n\n<li>Volksbank Sauerland eG<\/li>\n\n\n\n<li>Kreis- und Hochschulstadt Meschede<\/li>\n\n\n\n<li>Lohnsteuerhilfe Bayern e.V.<\/li>\n\n\n\n<li>Stadtmarketing Meschede<\/li>\n\n\n\n<li>Fokus 2. Verm\u00f6gensverwaltungs-GmbH\/heruM<\/li>\n\n\n\n<li>Gesund fit Hamich<\/li>\n\n\n\n<li>Privatperson J\u00fcrgen Stemmer<\/li>\n\n\n\n<li>Brauerei Veltins GmbH &amp; Co. KG<\/li>\n\n\n\n<li>Werner Langer GmbH &amp; Co. KG<\/li>\n<\/ul>\n","protected":false},"excerpt":{"rendered":"<p>\u00a0 Mehr Meschede &#8211; mehr Erleben &amp; Genie\u00dfen in der Adventszeit. Unsere Stadt Meschede hat sich in den letzten Jahren positiv entwickelt, optisch ver\u00e4ndert und soll dies auch weiterhin tun. Viele Aktionen und Ma\u00dfnahmen von Vereinen, Institutionen, Unternehmen und ehrenamtlich engagierten Meschedern tragen zum positiven Image der Gesamtstadt und der Innenstadt als Einkaufs- und Erlebnisstandort [&hellip;]<\/p>\n","protected":false},"author":1,"featured_media":0,"parent":0,"menu_order":0,"comment_status":"closed","ping_status":"closed","template":"","meta":[],"_links":{"self":[{"href":"https:\/\/www.meschede-aktiv.de\/aktiv\/index.php?rest_route=\/wp\/v2\/pages\/8687"}],"collection":[{"href":"https:\/\/www.meschede-aktiv.de\/aktiv\/index.php?rest_route=\/wp\/v2\/pages"}],"about":[{"href":"https:\/\/www.meschede-aktiv.de\/aktiv\/index.php?rest_route=\/wp\/v2\/types\/page"}],"author":[{"embeddable":true,"href":"https:\/\/www.meschede-aktiv.de\/aktiv\/index.php?rest_route=\/wp\/v2\/users\/1"}],"replies":[{"embeddable":true,"href":"https:\/\/www.meschede-aktiv.de\/aktiv\/index.php?rest_route=%2Fwp%2Fv2%2Fcomments&post=8687"}],"version-history":[{"count":41,"href":"https:\/\/www.meschede-aktiv.de\/aktiv\/index.php?rest_route=\/wp\/v2\/pages\/8687\/revisions"}],"predecessor-version":[{"id":10425,"href":"https:\/\/www.meschede-aktiv.de\/aktiv\/index.php?rest_route=\/wp\/v2\/pages\/8687\/revisions\/10425"}],"wp:attachment":[{"href":"https:\/\/www.meschede-aktiv.de\/aktiv\/index.php?rest_route=%2Fwp%2Fv2%2Fmedia&parent=8687"}],"curies":[{"name":"wp","href":"https:\/\/api.w.org\/{rel}","templated":true}]}}